{"id":7582,"date":"2023-03-21T20:39:11","date_gmt":"2023-03-21T23:39:11","guid":{"rendered":"http:\/\/wp21.com\/?page_id=7582"},"modified":"2024-06-18T12:55:45","modified_gmt":"2024-06-18T15:55:45","slug":"contacto","status":"publish","type":"page","link":"https:\/\/heyvicky.com\/es\/contacto\/","title":{"rendered":"Contacte"},"content":{"rendered":"<div data-elementor-type=\"wp-page\" data-elementor-id=\"7582\" class=\"elementor elementor-7582\" data-elementor-post-type=\"page\">\n\t\t\t\t\t\t<section class=\"elementor-section elementor-top-section elementor-element elementor-element-6e1f46f elementor-section-full_width elementor-section-height-default elementor-section-height-default\" data-id=\"6e1f46f\" data-element_type=\"section\">\n\t\t\t\t\t\t<div class=\"elementor-container elementor-column-gap-no\">\n\t\t\t\t\t<div class=\"elementor-column elementor-col-100 elementor-top-column elementor-element elementor-element-038ac2a\" data-id=\"038ac2a\" data-element_type=\"column\">\n\t\t\t<div class=\"elementor-widget-wrap elementor-element-populated\">\n\t\t\t\t\t\t<div class=\"elementor-element elementor-element-0d9216d elementor-widget elementor-widget-linoor-contact-form\" data-id=\"0d9216d\" data-element_type=\"widget\" data-widget_type=\"linoor-contact-form.default\">\n\t\t\t\t<div class=\"elementor-widget-container\">\n\t\t\t\t\t\r\n    <section class=\"contact-section contact-two\">\r\n        <div class=\"auto-container\">\r\n            <div class=\"row\">\r\n                <div class=\"col-lg-4\">\r\n                    <div class=\"contact-two__content\">\r\n                                                    <div class=\"sec-title\">\r\n                                <h2>P\u00d3NGASE EN CONTACTO CON NOSOTROS<span class=\"dot\">.<\/span><\/h2>\r\n                            <\/div>\r\n                                                                                            <\/div><!-- \/.contact-two__content -->\r\n                <\/div><!-- \/.col-lg-4 -->\r\n                <div class=\"col-lg-8\">\r\n                    <div class=\"form-box\">\r\n                        <div class=\"default-form\">\r\n                                                            \n<div class=\"wpcf7 no-js\" id=\"wpcf7-f7596-o1\" lang=\"en-US\" dir=\"ltr\" data-wpcf7-id=\"7596\">\n<div class=\"screen-reader-response\"><p role=\"status\" aria-live=\"polite\" aria-atomic=\"true\"><\/p> <ul><\/ul><\/div>\n<form action=\"\/es\/wp-json\/wp\/v2\/pages\/7582#wpcf7-f7596-o1\" method=\"post\" class=\"wpcf7-form init wpcf7-acceptance-as-validation\" aria-label=\"Formulario de contacto\" novalidate=\"novalidate\" data-status=\"init\" data-trp-original-action=\"\/es\/wp-json\/wp\/v2\/pages\/7582#wpcf7-f7596-o1\">\n<div style=\"display: none;\">\n<input type=\"hidden\" name=\"_wpcf7\" value=\"7596\" \/>\n<input type=\"hidden\" name=\"_wpcf7_version\" value=\"6.0.6\" \/>\n<input type=\"hidden\" name=\"_wpcf7_locale\" value=\"en_US\" \/>\n<input type=\"hidden\" name=\"_wpcf7_unit_tag\" value=\"wpcf7-f7596-o1\" \/>\n<input type=\"hidden\" name=\"_wpcf7_container_post\" value=\"0\" \/>\n<input type=\"hidden\" name=\"_wpcf7_posted_data_hash\" value=\"\" \/>\n<input type=\"hidden\" name=\"_wpcf7_recaptcha_response\" value=\"\" \/>\n<\/div>\n<div class=\"default-form\">\n\t<div id=\"contact-form\">\n\t\t<div class=\"row clearfix\">\n\t\t\t<div class=\"form-group col-lg-12 col-md-12 col-sm-12\">\n\t\t\t\t<div class=\"field-inner\">\n\t\t\t\t\t<p>Nombre de pila:\n\t\t\t\t\t<\/p>\n\t\t\t\t<\/div>\n\t\t\t\t<div class=\"field-inner\">\n\t\t\t\t\t<p><span class=\"wpcf7-form-control-wrap\" data-name=\"first-name\"><input size=\"40\" maxlength=\"400\" class=\"wpcf7-form-control wpcf7-text wpcf7-validates-as-required\" aria-required=\"true\" aria-invalid=\"false\" value=\"\" type=\"text\" name=\"first-name\" \/><\/span>\n\t\t\t\t\t<\/p>\n\t\t\t\t<\/div>\n\t\t\t<\/div>\n\t\t\t<div class=\"form-group col-lg-12 col-md-12 col-sm-12\">\n\t\t\t\t<div class=\"field-inner\">\n\t\t\t\t\t<p>Apellido*:\n\t\t\t\t\t<\/p>\n\t\t\t\t<\/div>\n\t\t\t\t<div class=\"field-inner\">\n\t\t\t\t\t<p><span class=\"wpcf7-form-control-wrap\" data-name=\"last-name\"><input size=\"40\" maxlength=\"400\" class=\"wpcf7-form-control wpcf7-text wpcf7-validates-as-required\" aria-required=\"true\" aria-invalid=\"false\" value=\"\" type=\"text\" name=\"last-name\" \/><\/span>\n\t\t\t\t\t<\/p>\n\t\t\t\t<\/div>\n\t\t\t<\/div>\n\t\t\t<div class=\"form-group col-lg-12 col-md-12 col-sm-12\">\n\t\t\t\t<div class=\"field-inner\">\n\t\t\t\t\t<p>Correo electr\u00f3nico*:\n\t\t\t\t\t<\/p>\n\t\t\t\t<\/div>\n\t\t\t\t<div class=\"field-inner\">\n\t\t\t\t\t<p><span class=\"wpcf7-form-control-wrap\" data-name=\"email\"><input size=\"40\" maxlength=\"400\" class=\"wpcf7-form-control wpcf7-email wpcf7-validates-as-required wpcf7-text wpcf7-validates-as-email\" aria-required=\"true\" aria-invalid=\"false\" value=\"\" type=\"email\" name=\"email\" \/><\/span>\n\t\t\t\t\t<\/p>\n\t\t\t\t<\/div>\n\t\t\t<\/div>\n\t\t\t<div class=\"form-group col-lg-12 col-md-12 col-sm-12\">\n\t\t\t\t<div class=\"field-inner\">\n\t\t\t\t\t<p>Tel\u00e9fono*:\n\t\t\t\t\t<\/p>\n\t\t\t\t<\/div>\n\t\t\t\t<div class=\"field-inner\">\n\t\t\t\t\t<p><span class=\"wpcf7-form-control-wrap\" data-name=\"phone\"><input size=\"40\" maxlength=\"400\" class=\"wpcf7-form-control wpcf7-text wpcf7-validates-as-required\" aria-required=\"true\" aria-invalid=\"false\" value=\"\" type=\"text\" name=\"phone\" \/><\/span>\n\t\t\t\t\t<\/p>\n\t\t\t\t<\/div>\n\t\t\t<\/div>\n\t\t\t<div class=\"form-group col-lg-12 col-md-12 col-sm-12\">\n\t\t\t\t<div class=\"field-inner\">\n\t\t\t\t\t<p>Preferencia de contacto\n\t\t\t\t\t<\/p>\n\t\t\t\t<\/div>\n\t\t\t\t<div class=\"field-inner\">\n\t\t\t\t\t<p><span class=\"wpcf7-form-control-wrap\" data-name=\"contact-preferences\"><span class=\"wpcf7-form-control wpcf7-checkbox bigger-checkmark\"><span class=\"wpcf7-list-item first\"><label><input type=\"checkbox\" name=\"contact-preferences[]\" value=\"Email\" \/><span class=\"wpcf7-list-item-label\">Correo electr\u00f3nico<\/span><\/label><\/span><span class=\"wpcf7-list-item last\"><label><input type=\"checkbox\" name=\"contact-preferences[]\" value=\"Mobile\" \/><span class=\"wpcf7-list-item-label\">M\u00f3vil<\/span><\/label><\/span><\/span><\/span>\n\t\t\t\t\t<\/p>\n\t\t\t\t<\/div>\n\t\t\t<\/div>\n\t\t\t<div class=\"form-group col-lg-12 col-md-12 col-sm-12\">\n\t\t\t\t<div class=\"field-inner\">\n\t\t\t\t\t<p>Su mensaje*:\n\t\t\t\t\t<\/p>\n\t\t\t\t<\/div>\n\t\t\t\t<div class=\"field-inner\">\n\t\t\t\t\t<p><span class=\"wpcf7-form-control-wrap\" data-name=\"your-message\"><textarea cols=\"40\" rows=\"10\" maxlength=\"2000\" class=\"wpcf7-form-control wpcf7-textarea wpcf7-validates-as-required\" aria-required=\"true\" aria-invalid=\"false\" placeholder=\"Ay\u00fadenos a ayudarle\" name=\"your-message\"><\/textarea><\/span>\n\t\t\t\t\t<\/p>\n\t\t\t\t<\/div>\n\t\t\t<\/div>\n\t\t\t<div class=\"form-group col-lg-12 col-md-12 col-sm-12\">\n\t\t\t\t<div class=\"field-inner\">\n\t\t\t\t\t<p><span class=\"wpcf7-form-control-wrap\" data-name=\"acceptance-contact\"><span class=\"wpcf7-form-control wpcf7-acceptance\"><span class=\"wpcf7-list-item\"><label><input type=\"checkbox\" name=\"acceptance-contact\" value=\"1\" aria-invalid=\"false\" \/><span class=\"wpcf7-list-item-label\">Vicky necesita la informaci\u00f3n de contacto que usted nos proporciona para comunicarle informaci\u00f3n sobre nuestros servicios. Puede dejar de recibir estas comunicaciones en cualquier momento. Para m\u00e1s informaci\u00f3n, consulte nuestra <a href=\"\/es\/privacidad\/\">Pol\u00edtica de privacidad<\/a> y nuestro <a href=\"\/es\/terminos\/\">Condiciones de uso<\/a>.<\/span><\/label><\/span><\/span><\/span>\n\t\t\t\t\t<\/p>\n\t\t\t\t<\/div>\n\t\t\t<\/div>\n\t\t\t<div class=\"form-group col-lg-12 col-md-12 col-sm-12\">\n\t\t\t\t<p><button type=\"submit\" class=\"theme-btn btn-style-one\"><br \/>\n<i class=\"btn-curve\"><\/i><span class=\"btn-title\">Enviar mensaje<\/span><br \/>\n<\/button>\n\t\t\t\t<\/p>\n\t\t\t<\/div>\n\t\t<\/div>\n\t<\/div>\n<\/div><div class=\"wpcf7-response-output\" aria-hidden=\"true\"><\/div>\n<input type=\"hidden\" name=\"trp-form-language\" value=\"es\"\/><\/form>\n<\/div>\n                                                    <\/div>\r\n                    <\/div>\r\n                <\/div><!-- \/.col-lg-8 -->\r\n            <\/div><!-- \/.row -->\r\n\r\n        <\/div>\r\n    <\/section>\r\n\t\t\t\t<\/div>\n\t\t\t\t<\/div>\n\t\t\t\t\t<\/div>\n\t\t<\/div>\n\t\t\t\t\t<\/div>\n\t\t<\/section>\n\t\t\t\t<\/div>","protected":false},"excerpt":{"rendered":"<p>P\u00d3NGASE EN CONTACTO CON NOSOTROS. Nombre Apellido*: Email*: Tel\u00e9fono*: Preferencia de contacto EmailM\u00f3vil Su mensaje*: Collective Brains necesita la informaci\u00f3n de contacto que usted nos proporciona para comunicarle informaci\u00f3n sobre nuestros servicios. Puede dejar de recibir estas comunicaciones en cualquier momento. Para m\u00e1s informaci\u00f3n, consulte nuestra Pol\u00edtica de privacidad y nuestros T\u00e9rminos y [...]<\/p>","protected":false},"author":9,"featured_media":0,"parent":0,"menu_order":0,"comment_status":"closed","ping_status":"closed","template":"elementor_header_footer","meta":{"_acf_changed":false,"inline_featured_image":false,"footnotes":""},"class_list":["post-7582","page","type-page","status-publish","hentry"],"acf":[],"yoast_head":"<!-- This site is optimized with the Yoast SEO plugin v25.2 - https:\/\/yoast.com\/wordpress\/plugins\/seo\/ -->\n<title>Hey Vick | Contact Us<\/title>\n<meta name=\"description\" content=\"Contact us to find out more about the latest news and innovations from your virtual coach Vicky and WP21.\" \/>\n<meta name=\"robots\" content=\"index, follow, max-snippet:-1, max-image-preview:large, max-video-preview:-1\" \/>\n<link rel=\"canonical\" href=\"https:\/\/heyvicky.com\/es\/contacto\/\" \/>\n<meta property=\"og:locale\" content=\"es_ES\" \/>\n<meta property=\"og:type\" content=\"article\" \/>\n<meta property=\"og:title\" content=\"Hey Vick | Contact Us\" \/>\n<meta property=\"og:description\" content=\"Contact us to find out more about the latest news and innovations from your virtual coach Vicky and WP21.\" \/>\n<meta property=\"og:url\" content=\"https:\/\/heyvicky.com\/es\/contacto\/\" \/>\n<meta property=\"og:site_name\" content=\"Vicky\" \/>\n<meta property=\"article:modified_time\" content=\"2024-06-18T15:55:45+00:00\" \/>\n<meta property=\"og:image\" content=\"https:\/\/heyvicky.com\/wp-content\/uploads\/2024\/05\/vicky-home-3.jpg\" \/>\n\t<meta property=\"og:image:width\" content=\"2000\" \/>\n\t<meta property=\"og:image:height\" content=\"1333\" \/>\n\t<meta property=\"og:image:type\" content=\"image\/jpeg\" \/>\n<meta name=\"twitter:card\" content=\"summary_large_image\" \/>\n<meta name=\"twitter:site\" content=\"@wptwentyone\" \/>\n<meta name=\"twitter:label1\" content=\"Tiempo de lectura\" \/>\n\t<meta name=\"twitter:data1\" content=\"2 minutos\" \/>\n<script type=\"application\/ld+json\" class=\"yoast-schema-graph\">{\"@context\":\"https:\/\/schema.org\",\"@graph\":[{\"@type\":\"WebPage\",\"@id\":\"https:\/\/heyvicky.com\/contact-us\/\",\"url\":\"https:\/\/heyvicky.com\/contact-us\/\",\"name\":\"Hey Vick | Contact Us\",\"isPartOf\":{\"@id\":\"https:\/\/heyvicky.com\/#website\"},\"datePublished\":\"2023-03-21T23:39:11+00:00\",\"dateModified\":\"2024-06-18T15:55:45+00:00\",\"description\":\"Contact us to find out more about the latest news and innovations from your virtual coach Vicky and WP21.\",\"breadcrumb\":{\"@id\":\"https:\/\/heyvicky.com\/contact-us\/#breadcrumb\"},\"inLanguage\":\"es\",\"potentialAction\":[{\"@type\":\"ReadAction\",\"target\":[\"https:\/\/heyvicky.com\/contact-us\/\"]}]},{\"@type\":\"BreadcrumbList\",\"@id\":\"https:\/\/heyvicky.com\/contact-us\/#breadcrumb\",\"itemListElement\":[{\"@type\":\"ListItem\",\"position\":1,\"name\":\"In\u00edcio\",\"item\":\"https:\/\/heyvicky.com\/\"},{\"@type\":\"ListItem\",\"position\":2,\"name\":\"Contact Us\"}]},{\"@type\":\"WebSite\",\"@id\":\"https:\/\/heyvicky.com\/#website\",\"url\":\"https:\/\/heyvicky.com\/\",\"name\":\"HeyVicky\",\"description\":\"Unlock performance with Vicky, your AI-powered virtual coach and mentor.\",\"publisher\":{\"@id\":\"https:\/\/heyvicky.com\/#organization\"},\"potentialAction\":[{\"@type\":\"SearchAction\",\"target\":{\"@type\":\"EntryPoint\",\"urlTemplate\":\"https:\/\/heyvicky.com\/?s={search_term_string}\"},\"query-input\":{\"@type\":\"PropertyValueSpecification\",\"valueRequired\":true,\"valueName\":\"search_term_string\"}}],\"inLanguage\":\"es\"},{\"@type\":\"Organization\",\"@id\":\"https:\/\/heyvicky.com\/#organization\",\"name\":\"HeyVicky\",\"url\":\"https:\/\/heyvicky.com\/\",\"logo\":{\"@type\":\"ImageObject\",\"inLanguage\":\"es\",\"@id\":\"https:\/\/heyvicky.com\/#\/schema\/logo\/image\/\",\"url\":\"https:\/\/heyvicky.com\/wp-content\/uploads\/2022\/02\/Vicky-AI-Powered-Human-Platform.svg\",\"contentUrl\":\"https:\/\/heyvicky.com\/wp-content\/uploads\/2022\/02\/Vicky-AI-Powered-Human-Platform.svg\",\"width\":208,\"height\":100,\"caption\":\"HeyVicky\"},\"image\":{\"@id\":\"https:\/\/heyvicky.com\/#\/schema\/logo\/image\/\"},\"sameAs\":[\"https:\/\/x.com\/wptwentyone\",\"https:\/\/www.linkedin.com\/company\/wp21\"]}]}<\/script>\n<!-- \/ Yoast SEO plugin. -->","yoast_head_json":{"title":"Hey Vick | Contact Us","description":"Contact us to find out more about the latest news and innovations from your virtual coach Vicky and WP21.","robots":{"index":"index","follow":"follow","max-snippet":"max-snippet:-1","max-image-preview":"max-image-preview:large","max-video-preview":"max-video-preview:-1"},"canonical":"https:\/\/heyvicky.com\/es\/contacto\/","og_locale":"es_ES","og_type":"article","og_title":"Hey Vick | Contact Us","og_description":"Contact us to find out more about the latest news and innovations from your virtual coach Vicky and WP21.","og_url":"https:\/\/heyvicky.com\/es\/contacto\/","og_site_name":"Vicky","article_modified_time":"2024-06-18T15:55:45+00:00","og_image":[{"width":2000,"height":1333,"url":"https:\/\/heyvicky.com\/wp-content\/uploads\/2024\/05\/vicky-home-3.jpg","type":"image\/jpeg"}],"twitter_card":"summary_large_image","twitter_site":"@wptwentyone","twitter_misc":{"Tiempo de lectura":"2 minutos"},"schema":{"@context":"https:\/\/schema.org","@graph":[{"@type":"WebPage","@id":"https:\/\/heyvicky.com\/contact-us\/","url":"https:\/\/heyvicky.com\/contact-us\/","name":"Hey Vick | Contact Us","isPartOf":{"@id":"https:\/\/heyvicky.com\/#website"},"datePublished":"2023-03-21T23:39:11+00:00","dateModified":"2024-06-18T15:55:45+00:00","description":"Contact us to find out more about the latest news and innovations from your virtual coach Vicky and WP21.","breadcrumb":{"@id":"https:\/\/heyvicky.com\/contact-us\/#breadcrumb"},"inLanguage":"es","potentialAction":[{"@type":"ReadAction","target":["https:\/\/heyvicky.com\/contact-us\/"]}]},{"@type":"BreadcrumbList","@id":"https:\/\/heyvicky.com\/contact-us\/#breadcrumb","itemListElement":[{"@type":"ListItem","position":1,"name":"In\u00edcio","item":"https:\/\/heyvicky.com\/"},{"@type":"ListItem","position":2,"name":"Contact Us"}]},{"@type":"WebSite","@id":"https:\/\/heyvicky.com\/#website","url":"https:\/\/heyvicky.com\/","name":"HeyVicky","description":"Unlock performance with Vicky, your AI-powered virtual coach and mentor.","publisher":{"@id":"https:\/\/heyvicky.com\/#organization"},"potentialAction":[{"@type":"SearchAction","target":{"@type":"EntryPoint","urlTemplate":"https:\/\/heyvicky.com\/?s={search_term_string}"},"query-input":{"@type":"PropertyValueSpecification","valueRequired":true,"valueName":"search_term_string"}}],"inLanguage":"es"},{"@type":"Organization","@id":"https:\/\/heyvicky.com\/#organization","name":"HeyVicky","url":"https:\/\/heyvicky.com\/","logo":{"@type":"ImageObject","inLanguage":"es","@id":"https:\/\/heyvicky.com\/#\/schema\/logo\/image\/","url":"https:\/\/heyvicky.com\/wp-content\/uploads\/2022\/02\/Vicky-AI-Powered-Human-Platform.svg","contentUrl":"https:\/\/heyvicky.com\/wp-content\/uploads\/2022\/02\/Vicky-AI-Powered-Human-Platform.svg","width":208,"height":100,"caption":"HeyVicky"},"image":{"@id":"https:\/\/heyvicky.com\/#\/schema\/logo\/image\/"},"sameAs":["https:\/\/x.com\/wptwentyone","https:\/\/www.linkedin.com\/company\/wp21"]}]}},"_links":{"self":[{"href":"https:\/\/heyvicky.com\/es\/wp-json\/wp\/v2\/pages\/7582","targetHints":{"allow":["GET"]}}],"collection":[{"href":"https:\/\/heyvicky.com\/es\/wp-json\/wp\/v2\/pages"}],"about":[{"href":"https:\/\/heyvicky.com\/es\/wp-json\/wp\/v2\/types\/page"}],"author":[{"embeddable":true,"href":"https:\/\/heyvicky.com\/es\/wp-json\/wp\/v2\/users\/9"}],"replies":[{"embeddable":true,"href":"https:\/\/heyvicky.com\/es\/wp-json\/wp\/v2\/comments?post=7582"}],"version-history":[{"count":0,"href":"https:\/\/heyvicky.com\/es\/wp-json\/wp\/v2\/pages\/7582\/revisions"}],"wp:attachment":[{"href":"https:\/\/heyvicky.com\/es\/wp-json\/wp\/v2\/media?parent=7582"}],"curies":[{"name":"wp","href":"https:\/\/api.w.org\/{rel}","templated":true}]}}